{"id":105,"date":"2024-11-27T14:49:48","date_gmt":"2024-11-27T14:49:48","guid":{"rendered":"https:\/\/selletiva.com.br\/v2024\/home\/"},"modified":"2026-03-10T03:35:56","modified_gmt":"2026-03-10T03:35:56","slug":"home","status":"publish","type":"page","link":"https:\/\/selletiva.com.br\/v2024\/","title":{"rendered":"In\u00edcio"},"content":{"rendered":"\n\n\n\n\n<p>Gest\u00e3o integrada, consolidada e online de todos os dados.<\/p>\n\n\n\n\n\n<p>Solu\u00e7\u00e3o em nuvem, dispon\u00edvel 24\/7.<\/p>\n\n\n\n\n\n<p>Nas informa\u00e7\u00f5es disponibilizadas.<\/p>\n\n\n\n\n\n\n\n<p>Lorem Ipsum has been the industry&#8217;s standard dummy text ever since the 1500s.<\/p>\n\n\n\n\n\n<h6>Resiliencia &#8211; uma palavra chave<br><\/h6>\n\n\n\n<h2>Nossa Hist\u00f3ria<\/h2>\n\n\n\n<p>Tudo foi constru\u00eddo com muito trabalho e dedica\u00e7\u00e3o de nossa equipe de colaboradores e parceiros.<\/p>\n\n\n\nAprova\u00e7\u00e3o em diversos editais de subven\u00e7\u00e3o (BNB,&nbsp; Petrobras, CNPq, etc.) e pr\u00eamios Finep e Sebrae.<br>\n\n\n\nDesde cooperativas de Catadores at\u00e9 grandes players em todas as regi\u00f5es do Brasil.<br><br>\n\n\n\nPresente no Chile, com foco na Am\u00e9rica Latina.\n\n\n\n\n\n\n\n\n\n<h6>Funcionalidades<\/h6>\n\n\n\n<h2>Alguns diferenciais<br><\/h2>\n\n\n\n\n\nModernos controles com uso integrado de BlockChain e Log de atividades.\n\n\n\n\n\nVia WebService\/API, com diversos sistemas propriet\u00e1rios.<br>\n\n\n\n\n\nEm constante aperfei\u00e7oamento. Atendendo as demandas dos nossos clientes e parceiros comerciais.\n\n\n\n\n\nUtilizamos diversas ferramentas de monitoramento de forma integrada e segura.\n\n\n\n\n\n\n\n\n\n<h5>SaaS<\/h5>\n\n\n\n<h2>Alguns cases de sucesso<br><\/h2>\n\n\n\n\n\n<p>Primeiro cliente, e um aprendizado constante.<\/p>\n\n\n\n\n\n<p>Um grande desafio e uma parceria constante.<\/p>\n\n\n\n\n\n<p>Um projeto implementado no Rio de Janeiro para rastreabilidade do \u00f3leo de Cozinha (OGR).<br><\/p>\n\n\n\n\n\n\n\n\n\n<h6>N\u00fameros reais<br><\/h6>\n\n\n\n<h2>Impactos positivos<br><\/h2>\n\n\n\n\n\n\n\n\n\n\n\n\n\n\n\n\n\n\n\n\n\n\n\n\n\n<iframe loading=\"lazy\" src=\"https:\/\/sistema.selletiva.com.br\/estatistica\/graficos\/divulgacao-categoria-saida2\" width=\"300\" height=\"480\"><\/iframe>\n\n\n\n\n\n\n\n\n\n<h6> <\/h6>\n\n\n\n<h2>CEO<\/h2>\n\n\n\n<p>&#8220;Procuramos desenvolver ferramentas tecnol\u00f3gicas que gerem impactos positivos na sociedade.&#8221; <\/p>\n\n\n\n\n\n<p>Fundadora\/S\u00f3cia administradora<\/p>\n\n\n\n\n\n\n\n\n\n\n","protected":false},"excerpt":{"rendered":"","protected":false},"author":1,"featured_media":0,"parent":0,"menu_order":0,"comment_status":"closed","ping_status":"closed","template":"","meta":{"nf_dc_page":"","pagelayer_contact_templates":[],"_pagelayer_content":"","footnotes":""},"class_list":["post-105","page","type-page","status-publish","hentry"],"_links":{"self":[{"href":"https:\/\/selletiva.com.br\/v2024\/wp-json\/wp\/v2\/pages\/105","targetHints":{"allow":["GET"]}}],"collection":[{"href":"https:\/\/selletiva.com.br\/v2024\/wp-json\/wp\/v2\/pages"}],"about":[{"href":"https:\/\/selletiva.com.br\/v2024\/wp-json\/wp\/v2\/types\/page"}],"author":[{"embeddable":true,"href":"https:\/\/selletiva.com.br\/v2024\/wp-json\/wp\/v2\/users\/1"}],"replies":[{"embeddable":true,"href":"https:\/\/selletiva.com.br\/v2024\/wp-json\/wp\/v2\/comments?post=105"}],"version-history":[{"count":5,"href":"https:\/\/selletiva.com.br\/v2024\/wp-json\/wp\/v2\/pages\/105\/revisions"}],"predecessor-version":[{"id":408,"href":"https:\/\/selletiva.com.br\/v2024\/wp-json\/wp\/v2\/pages\/105\/revisions\/408"}],"wp:attachment":[{"href":"https:\/\/selletiva.com.br\/v2024\/wp-json\/wp\/v2\/media?parent=105"}],"curies":[{"name":"wp","href":"https:\/\/api.w.org\/{rel}","templated":true}]}}