{"id":101,"date":"2024-11-27T14:49:48","date_gmt":"2024-11-27T14:49:48","guid":{"rendered":"https:\/\/selletiva.com.br\/v2024\/about\/"},"modified":"2026-02-24T21:06:48","modified_gmt":"2026-02-24T21:06:48","slug":"sobre","status":"publish","type":"page","link":"https:\/\/selletiva.com.br\/v2024\/sobre\/","title":{"rendered":"Sobre"},"content":{"rendered":"\n\n\n\n\n<p>Lorem Ipsum has been the industry&#8217;s standard dummy text ever since the 1500s.<\/p>\n\n\n\n\n\n<h6>melhores para o mundo <\/h6>\n\n\n\n<h2>SaaS<br><\/h2>\n\n\n\n<p>Uma Solu\u00e7\u00e3o tecnol\u00f3gica em constante evolu\u00e7\u00e3o, tanto nos relacionamentos interpessoais, quanto nos requisitos tecnol\u00f3gicos. Atualmente, com foco na gest\u00e3o das informa\u00e7\u00f5es sobre res\u00edduos.<\/p>\n\n\n\n<p>Proporcionar \u00e0 sociedade as mais rent\u00e1veis e modernas ferramentas de gest\u00e3o de informa\u00e7\u00f5es. Desta forma, viabilizando um ambiente ecologicamente, socialmente e economicamente sustent\u00e1vel para as pr\u00f3ximas gera\u00e7\u00f5es.\u00a0<\/p>\n\n\n\n<p>Ser refer\u00eancia nacional, com atua\u00e7\u00e3o no mercado internacional, em solu\u00e7\u00f5es inovadoras para a Log\u00edstica Reversa at\u00e9 2030.<\/p><p><br><\/p>\n\n\n\n<p><\/p><div><span style=\"color: rgb(138, 138, 138); font-size: 16px;\">\u00c9tica, responsabilidade, Inova\u00e7\u00e3o com compromisso Social, Ambiental e Financeiro.<\/span><\/div>\n\n\n\n\n\n\n\n\n\n<h6>N\u00fameros reais<\/h6>\n\n\n\n<h2>Indicadores<\/h2>\n\n\n\n\n\n\n\n\n\n\n\n\n\n\n\n\n\n\n\n\n\n\n\n<iframe loading=\"lazy\" src=\"https:\/\/sistema.selletiva.com.br\/estatistica\/graficos\/graficoGeral_\" width=\"600\" height=\"770\"><\/iframe>\n\n\n\n\n\n\n<h6>FAQ&#8217;S<\/h6>\n\n\n\n<h2>D\u00favidas frequentes<\/h2>\n\n\n\n<p>Nosso suporte em portugu\u00eas\/espanhol\/ingl\u00eas atende de forma r\u00e1pida e precisa todas as d\u00favidas geradas. <\/p>\n\n\n\n\n\n\n\n<p>A Solu\u00e7\u00e3o Selletiva \u00e9 um sistema em Nuvem, com disponibilidade 24\/7, isto \u00e9, fica dispon\u00edvel de domingo a domingo em todos os hor\u00e1rios.<\/p>\n\n\n\n\n\n\n\n\n\n<p>Utilizamos modernas ferramentas de seguran\u00e7a, com apoio de servidores mundiais reconhecidos\/certificados em estabilidade e seguran\u00e7a. Utilizamos log de todas as atividades com possibilidade de utiliza\u00e7\u00e3o de BlockChain, &#8211; caso o cliente necessite.<\/p>\n\n\n\n\n\n\n\n\n\n<p>Estamos em constante evolu\u00e7\u00e3o, e atualmente temos mais de 50 cooperativas de catadores utilizando a nossa solu\u00e7\u00e3o, al\u00e9m de grandes players do mercado &#8211; nas cadeias de alimentos e energias.<\/p>\n\n\n\n\n\n\n\n\n\n<p>Lorem Ipsum has been the industry&#8217;s standard dummy text ever since the 1500s.<\/p>\n\n\n","protected":false},"excerpt":{"rendered":"","protected":false},"author":1,"featured_media":0,"parent":0,"menu_order":0,"comment_status":"closed","ping_status":"closed","template":"","meta":{"nf_dc_page":"","pagelayer_contact_templates":[],"_pagelayer_content":"","footnotes":""},"class_list":["post-101","page","type-page","status-publish","hentry"],"_links":{"self":[{"href":"https:\/\/selletiva.com.br\/v2024\/wp-json\/wp\/v2\/pages\/101","targetHints":{"allow":["GET"]}}],"collection":[{"href":"https:\/\/selletiva.com.br\/v2024\/wp-json\/wp\/v2\/pages"}],"about":[{"href":"https:\/\/selletiva.com.br\/v2024\/wp-json\/wp\/v2\/types\/page"}],"author":[{"embeddable":true,"href":"https:\/\/selletiva.com.br\/v2024\/wp-json\/wp\/v2\/users\/1"}],"replies":[{"embeddable":true,"href":"https:\/\/selletiva.com.br\/v2024\/wp-json\/wp\/v2\/comments?post=101"}],"version-history":[{"count":5,"href":"https:\/\/selletiva.com.br\/v2024\/wp-json\/wp\/v2\/pages\/101\/revisions"}],"predecessor-version":[{"id":358,"href":"https:\/\/selletiva.com.br\/v2024\/wp-json\/wp\/v2\/pages\/101\/revisions\/358"}],"wp:attachment":[{"href":"https:\/\/selletiva.com.br\/v2024\/wp-json\/wp\/v2\/media?parent=101"}],"curies":[{"name":"wp","href":"https:\/\/api.w.org\/{rel}","templated":true}]}}